{"id":11660,"date":"2023-12-21T12:28:19","date_gmt":"2023-12-21T17:28:19","guid":{"rendered":"https:\/\/ganex.com\/?page_id=11660"},"modified":"2023-12-21T12:34:19","modified_gmt":"2023-12-21T17:34:19","slug":"confidentialite","status":"publish","type":"page","link":"https:\/\/www.ganex.com\/fr\/confidentialite\/","title":{"rendered":"Politique de confidentialit\u00e9"},"content":{"rendered":"\t\t<div data-elementor-type=\"wp-page\" data-elementor-id=\"11660\" class=\"elementor elementor-11660 elementor-11659\" data-elementor-post-type=\"page\">\n\t\t\t\t\t\t<section class=\"has_eae_slider elementor-section elementor-top-section elementor-element elementor-element-9dd9c43 elementor-section-boxed elementor-section-height-default elementor-section-height-default\" data-eae-slider=\"88198\" data-id=\"9dd9c43\" data-element_type=\"section\" data-e-type=\"section\">\n\t\t\t\t\t\t<div class=\"elementor-container elementor-column-gap-default\">\n\t\t\t\t\t<div class=\"has_eae_slider elementor-column elementor-col-100 elementor-top-column elementor-element elementor-element-5b8c610\" data-eae-slider=\"80058\" data-id=\"5b8c610\" data-element_type=\"column\" data-e-type=\"column\">\n\t\t\t<div class=\"elementor-widget-wrap elementor-element-populated\">\n\t\t\t\t\t\t<div class=\"elementor-element elementor-element-83a0c4d elementor-widget elementor-widget-heading\" data-id=\"83a0c4d\" data-element_type=\"widget\" data-e-type=\"widget\" data-widget_type=\"heading.default\">\n\t\t\t\t<div class=\"elementor-widget-container\">\n\t\t\t\t\t<h1 class=\"elementor-heading-title elementor-size-default\">Politique de confidentialit\u00e9<\/h1>\t\t\t\t<\/div>\n\t\t\t\t<\/div>\n\t\t\t\t\t<\/div>\n\t\t<\/div>\n\t\t\t\t\t<\/div>\n\t\t<\/section>\n\t\t\t\t<section class=\"has_eae_slider elementor-section elementor-top-section elementor-element elementor-element-1fd27f6 elementor-section-boxed elementor-section-height-default elementor-section-height-default\" data-eae-slider=\"56241\" data-id=\"1fd27f6\" data-element_type=\"section\" data-e-type=\"section\">\n\t\t\t\t\t\t<div class=\"elementor-container elementor-column-gap-default\">\n\t\t\t\t\t<div class=\"has_eae_slider elementor-column elementor-col-100 elementor-top-column elementor-element elementor-element-fd81fe6\" data-eae-slider=\"95644\" data-id=\"fd81fe6\" data-element_type=\"column\" data-e-type=\"column\">\n\t\t\t<div class=\"elementor-widget-wrap elementor-element-populated\">\n\t\t\t\t\t\t<div class=\"elementor-element elementor-element-8d60236 elementor-widget elementor-widget-text-editor\" data-id=\"8d60236\" data-element_type=\"widget\" data-e-type=\"widget\" data-widget_type=\"text-editor.default\">\n\t\t\t\t<div class=\"elementor-widget-container\">\n\t\t\t\t\t\t\t\t\t<p>Ganex a cr\u00e9\u00e9 cette politique de confidentialit\u00e9 afin de d\u00e9montrer notre engagement envers votre droit \u00e0 la confidentialit\u00e9. La politique suivante d\u00e9crit nos pratiques concernant la collecte de vos renseignements personnels ainsi que leur utilisation dans le cadre de ce site Web.<\/p><p>\u00a0<\/p><h2>Collecte de renseignements personnels<\/h2><p>Nous collectons les renseignements suivants :<\/p><ul><li>Nom<\/li><li>Pr\u00e9nom<\/li><li>Adresse \u00e9lectronique<\/li><li>Profession (titre)<\/li><\/ul><p>Les renseignements personnels que nous collectons sont recueillis au travers de formulaires et gr\u00e2ce \u00e0 l\u2019interactivit\u00e9 \u00e9tablie entre vous et notre site Web. Nous utilisons \u00e9galement, comme indiqu\u00e9 dans cette politique de confidentialit\u00e9, des fichiers t\u00e9moins et\/ou journaux pour r\u00e9unir des informations vous concernant.<\/p><p>\u00a0<\/p><h2>Ce que nous pouvons faire avec les informations que nous recueillons<\/h2><p>Ganex utilise les renseignements personnels recueillis aux fins suivantes:\u00a0<\/p><ol><li>Tenue de dossiers internes<\/li><li>Am\u00e9lioration des produits et services<\/li><li>Communication promotionnelle et toute information dont nous puissions penser que vous trouverez int\u00e9ressantes<\/li><li>Am\u00e9lioration et personnalisation du site web<\/li><\/ol><p>Vous pouvez en tout temps refuser de nous fournir vos renseignements personnels, cependant, il se peut que vous ne puissiez b\u00e9n\u00e9ficier de tous les services que Ganex a \u00e0 vous offrir.<\/p><p>\u00a0<\/p><h2>Renseignements personnels<\/h2><p>Lorsque vous adh\u00e9rez \u00e0 un service qui n\u00e9cessite une inscription, nous vous demandons de fournir des renseignements personnels. Ces informations ne seront pas utilis\u00e9es de mani\u00e8re diff\u00e9rente que celle pour laquelle elles ont \u00e9t\u00e9 recueillies. Le cas \u00e9ch\u00e9ant, Ganex devra obtenir votre consentement pr\u00e9alable.<br \/><br \/><\/p><p>Nous recueillons et utilisons certaines informations vous concernant, de mani\u00e8re responsable. Lorsque nous intervenons ainsi, nous le faisons en respectant la r\u00e9glementation g\u00e9n\u00e9rale sur la protection des donn\u00e9es au Canada ainsi que d&rsquo;autres lois sur la protection des donn\u00e9es et, en tant que contr\u00f4leur de ces informations personnelles, nous agissons de mani\u00e8re responsable, en conformit\u00e9 avec les objectifs pr\u00e9vus dans ces lois.<br \/><br \/><\/p><p>Nous avons nomm\u00e9 un responsable des donn\u00e9es personnelles qui est charg\u00e9 de r\u00e9pondre \u00e0 toutes les questions se rapportant \u00e0 ces principes de protection des donn\u00e9es personnelles. Si vous avez des questions au sujet de ces principes de protection des donn\u00e9es, y compris des requ\u00eates quant \u00e0 l\u2019exercice de vos droits l\u00e9gaux, n\u2019h\u00e9sitez pas \u00e0 contacter le Responsable de la protection des donn\u00e9es personnelles, en utilisant les coordonn\u00e9es ci-dessous.<br \/><br \/><\/p><p>\u00a0<\/p><h2>Coordonn\u00e9es pour prendre contact<\/h2><p>Si vous avez des questions au sujet de ces principes de protection des donn\u00e9es personnelles, n\u2019h\u00e9sitez pas \u00e0 contacter notre Responsable de la protection des donn\u00e9es personnelles, en utilisant l\u2019une des m\u00e9thodes suivantes :<br \/><br \/><\/p><ul><li><strong>Nom de la compagnie<\/strong>: Ganex<\/li><li><strong>Nom du responsable<\/strong>: Alexis Tremblay Lapierre<\/li><li><strong>Adresse courriel<\/strong>: <a href=\"mailto:confidentialite@ganex.com\">confidentialite@ganex.com<\/a><\/li><li><strong>Adresse postale<\/strong>: 3, rue des Cerisiers, Gasp\u00e9, Qu\u00e9bec, Canada G4X 2M1<\/li><\/ul><p>\u00a0<\/p><h2>Fichiers journaux et t\u00e9moins<\/h2><p>Nous recueillons certaines informations par le biais de fichiers journaux (log file) et de fichiers t\u00e9moins (cookies). Il s\u2019agit principalement des informations suivantes :<\/p><ul><li>Adresse IP<\/li><li>Syst\u00e8me d\u2019exploitation<\/li><li>Pages visit\u00e9es et requ\u00eates<\/li><li>Heure et jour de connexion<\/li><\/ul><p>\u00a0<\/p><h2>Comment nous utilisons les t\u00e9moins de connexion (cookies)<\/h2><p>Un t\u00e9moin de connexion (cookie) est un petit fichier qui demande l\u2019autorisation d\u2019\u00eatre plac\u00e9 sur le disque dur de votre ordinateur. Seulement une fois que vous \u00eates d\u2019accord, le fichier est ajout\u00e9 et le cookie en question aide \u00e0 analyser le trafic web ou permet de savoir lorsque vous visitez un site particulier.<\/p><p>Les t\u00e9moins de connexion permettent aux applications web de vous r\u00e9pondre en tant qu\u2019individu. L\u2019application web peut, en raison des t\u00e9moins de connexion, adapter ses op\u00e9rations \u00e0 vos besoins, vos go\u00fbts et vos aversions en recueillant et en se souvenant d\u2019informations sur vos pr\u00e9f\u00e9rences.<\/p><p>Nous utilisons les t\u00e9moins de journal de trafic pour identifier les pages utilis\u00e9es. Cela nous aide \u00e0 analyser les donn\u00e9es sur le trafic des pages web et \u00e0 am\u00e9liorer notre site web afin de les adapter aux besoins de nos clients. Les informations ne sont utilis\u00e9es qu\u2019\u00e0 des fins de statistiques.<\/p><p>Dans l\u2019ensemble, les t\u00e9moins de connexion nous aident \u00e0 vous fournir un meilleur site web et une meilleure exp\u00e9rience de navigation en nous permettant de surveiller les pages qui vous sont utiles et celles qui ne le sont pas. Un t\u00e9moin de connexion ne nous donne pas acc\u00e8s \u00e0 votre ordinateur ou \u00e0 toute information vous concernant, autre que les donn\u00e9es que vous choisissez de partager avec nous.<\/p><p>Les t\u00e9moins de connexion peuvent \u00eatre accept\u00e9s ou refus\u00e9s.<\/p><p>Veuillez toutefois noter que le refus d\u2019acc\u00e8s aux t\u00e9moins de connexion peut vous emp\u00eacher de profiter pleinement du site web.<\/p><p>\u00a0<\/p><p>\u00a0<\/p><h2>S\u00e9curit\u00e9<\/h2><p>Les renseignements personnels que nous collectons sont conserv\u00e9s dans un environnement s\u00e9curis\u00e9. Les personnes travaillant pour nous sont tenues de respecter la confidentialit\u00e9 de vos informations.<\/p><p>Pour assurer la s\u00e9curit\u00e9 de vos renseignements personnels, nous avons recours aux mesures suivantes :<\/p><ul><li>Protocole SSL (Secure Sockets Layer)<\/li><li>Gestion des acc\u00e8s \u2013 personne autoris\u00e9e<\/li><li>Logiciel de surveillance du r\u00e9seau<\/li><li>Sauvegarde informatique<\/li><li>Identifiant \/ mot de passe<\/li><li>Pare-feu (Firewalls)<\/li><\/ul><p>Nous nous engageons \u00e0 maintenir un haut degr\u00e9 de confidentialit\u00e9 en int\u00e9grant les derni\u00e8res innovations technologiques permettant d\u2019assurer la confidentialit\u00e9 de vos transactions. Toutefois, comme aucun m\u00e9canisme n\u2019offre une s\u00e9curit\u00e9 maximale, une part de risque est toujours pr\u00e9sente lorsque l\u2019on utilise Internet pour transmettre des renseignements personnels.<\/p><p>\u00a0<\/p><p>\u00a0<\/p><h2>Droit d\u2019opposition et de retrait<\/h2><p>Nous nous engageons \u00e0 vous offrir un droit d\u2019opposition et de retrait quant \u00e0 vos renseignements personnels.<\/p><p>Le droit de retrait s\u2019entend comme \u00e9tant la possibilit\u00e9 offerte aux internautes de demander \u00e0 ce que leurs renseignements personnels ne figurent plus, par exemple, dans une liste de diffusion.<\/p><p>Pour pouvoir exercer ces droits, vous pouvez contacter notre Responsable de la protection des donn\u00e9es personnelles, en utilisant l\u2019une des m\u00e9thodes suivantes :<\/p><ul><li><strong>Nom de la compagnie<\/strong>: Ganex<\/li><li><strong>Nom du responsable<\/strong>: Alexis Tremblay Lapierre<\/li><li><strong>Adresse courriel<\/strong>: confidentialite@ganex.com<\/li><li><strong>Adresse postale<\/strong>: 3, rue des Cerisiers, Gasp\u00e9, Qu\u00e9bec, Canada G4X 2M1<\/li><\/ul><p>\u00a0<\/p><h2>Changements \u00e0 la politique de confidentialit\u00e9<\/h2><p>Nous nous r\u00e9servons le droit de modifier cette politique de confidentialit\u00e9. Par contre, nous ne r\u00e9duirons pas vos droits en vertu de la pr\u00e9sente politique sans votre consentement pr\u00e9alable.<\/p><p>\u00a0<\/p><h2>Pour nous joindre<\/h2><p>Si vous avez des questions concernant cette politique de confidentialit\u00e9, les pratiques de ce site ou vos interactions avec ce site, vous pouvez nous contacter par courriel \u00e0 l\u2019adresse suivante : <a href=\"mailto:confidentialite@ganex.com\">confidentialite@ganex.com<\/a>.<\/p>\t\t\t\t\t\t\t\t<\/div>\n\t\t\t\t<\/div>\n\t\t\t\t\t<\/div>\n\t\t<\/div>\n\t\t\t\t\t<\/div>\n\t\t<\/section>\n\t\t\t\t<\/div>\n\t\t","protected":false},"excerpt":{"rendered":"<p>Politique de confidentialit\u00e9 Ganex a cr\u00e9\u00e9 cette politique de confidentialit\u00e9 afin de d\u00e9montrer notre engagement envers votre droit \u00e0 la confidentialit\u00e9. La politique suivante d\u00e9crit nos pratiques concernant la collecte de vos renseignements personnels ainsi que leur utilisation dans le cadre de ce site Web. \u00a0 Collecte de renseignements personnels Nous collectons les renseignements suivants [&hellip;]<\/p>\n","protected":false},"author":2,"featured_media":0,"parent":0,"menu_order":0,"comment_status":"closed","ping_status":"closed","template":"","meta":{"_acf_changed":false,"_monsterinsights_skip_tracking":false,"_monsterinsights_sitenote_active":false,"_monsterinsights_sitenote_note":"","_monsterinsights_sitenote_category":0,"site-sidebar-layout":"no-sidebar","site-content-layout":"page-builder","ast-site-content-layout":"default","site-content-style":"default","site-sidebar-style":"default","ast-global-header-display":"","ast-banner-title-visibility":"","ast-main-header-display":"","ast-hfb-above-header-display":"","ast-hfb-below-header-display":"","ast-hfb-mobile-header-display":"","site-post-title":"disabled","ast-breadcrumbs-content":"","ast-featured-img":"disabled","footer-sml-layout":"","ast-disable-related-posts":"","theme-transparent-header-meta":"default","adv-header-id-meta":"","stick-header-meta":"default","header-above-stick-meta":"","header-main-stick-meta":"","header-below-stick-meta":"","astra-migrate-meta-layouts":"set","ast-page-background-enabled":"default","ast-page-background-meta":{"desktop":{"background-color":"","background-image":"","background-repeat":"repeat","background-position":"center center","background-size":"auto","background-attachment":"scroll","background-type":"","background-media":"","overlay-type":"","overlay-color":"","overlay-opacity":"","overlay-gradient":""},"tablet":{"background-color":"","background-image":"","background-repeat":"repeat","background-position":"center center","background-size":"auto","background-attachment":"scroll","background-type":"","background-media":"","overlay-type":"","overlay-color":"","overlay-opacity":"","overlay-gradient":""},"mobile":{"background-color":"","background-image":"","background-repeat":"repeat","background-position":"center center","background-size":"auto","background-attachment":"scroll","background-type":"","background-media":"","overlay-type":"","overlay-color":"","overlay-opacity":"","overlay-gradient":""}},"ast-content-background-meta":{"desktop":{"background-color":"var(--ast-global-color-5)","background-image":"","background-repeat":"repeat","background-position":"center center","background-size":"auto","background-attachment":"scroll","background-type":"","background-media":"","overlay-type":"","overlay-color":"","overlay-opacity":"","overlay-gradient":""},"tablet":{"background-color":"var(--ast-global-color-5)","background-image":"","background-repeat":"repeat","background-position":"center center","background-size":"auto","background-attachment":"scroll","background-type":"","background-media":"","overlay-type":"","overlay-color":"","overlay-opacity":"","overlay-gradient":""},"mobile":{"background-color":"var(--ast-global-color-5)","background-image":"","background-repeat":"repeat","background-position":"center center","background-size":"auto","background-attachment":"scroll","background-type":"","background-media":"","overlay-type":"","overlay-color":"","overlay-opacity":"","overlay-gradient":""}},"footnotes":""},"class_list":["post-11660","page","type-page","status-publish","hentry"],"acf":[],"yoast_head":"<!-- This site is optimized with the Yoast SEO plugin v27.4 - https:\/\/yoast.com\/product\/yoast-seo-wordpress\/ -->\n<title>Politique de confidentialit\u00e9 - Ganex<\/title>\n<meta name=\"robots\" content=\"noindex, nofollow\" \/>\n<meta property=\"og:locale\" content=\"fr_FR\" \/>\n<meta property=\"og:type\" content=\"article\" \/>\n<meta property=\"og:title\" content=\"Politique de confidentialit\u00e9 - Ganex\" \/>\n<meta property=\"og:description\" content=\"Politique de confidentialit\u00e9 Ganex a cr\u00e9\u00e9 cette politique de confidentialit\u00e9 afin de d\u00e9montrer notre engagement envers votre droit \u00e0 la confidentialit\u00e9. La politique suivante d\u00e9crit nos pratiques concernant la collecte de vos renseignements personnels ainsi que leur utilisation dans le cadre de ce site Web. \u00a0 Collecte de renseignements personnels Nous collectons les renseignements suivants [&hellip;]\" \/>\n<meta property=\"og:url\" content=\"https:\/\/www.ganex.com\/fr\/confidentialite\/\" \/>\n<meta property=\"og:site_name\" content=\"Ganex\" \/>\n<meta property=\"article:publisher\" content=\"https:\/\/www.facebook.com\/ganexsolutions\/\" \/>\n<meta property=\"article:modified_time\" content=\"2023-12-21T17:34:19+00:00\" \/>\n<meta property=\"og:image\" content=\"https:\/\/www.ganex.com\/wp-content\/uploads\/2021\/03\/we-want-to-hear-new-1.jpg\" \/>\n\t<meta property=\"og:image:width\" content=\"1024\" \/>\n\t<meta property=\"og:image:height\" content=\"683\" \/>\n\t<meta property=\"og:image:type\" content=\"image\/jpeg\" \/>\n<meta name=\"twitter:card\" content=\"summary_large_image\" \/>\n<meta name=\"twitter:label1\" content=\"Dur\u00e9e de lecture estim\u00e9e\" \/>\n\t<meta name=\"twitter:data1\" content=\"6 minutes\" \/>\n<script type=\"application\/ld+json\" class=\"yoast-schema-graph\">{\"@context\":\"https:\\\/\\\/schema.org\",\"@graph\":[{\"@type\":\"WebPage\",\"@id\":\"https:\\\/\\\/www.ganex.com\\\/fr\\\/confidentialite\\\/\",\"url\":\"https:\\\/\\\/www.ganex.com\\\/fr\\\/confidentialite\\\/\",\"name\":\"Politique de confidentialit\u00e9 - Ganex\",\"isPartOf\":{\"@id\":\"https:\\\/\\\/ganex.tempurl.host\\\/#website\"},\"datePublished\":\"2023-12-21T17:28:19+00:00\",\"dateModified\":\"2023-12-21T17:34:19+00:00\",\"breadcrumb\":{\"@id\":\"https:\\\/\\\/www.ganex.com\\\/fr\\\/confidentialite\\\/#breadcrumb\"},\"inLanguage\":\"fr-FR\",\"potentialAction\":[{\"@type\":\"ReadAction\",\"target\":[\"https:\\\/\\\/www.ganex.com\\\/fr\\\/confidentialite\\\/\"]}]},{\"@type\":\"BreadcrumbList\",\"@id\":\"https:\\\/\\\/www.ganex.com\\\/fr\\\/confidentialite\\\/#breadcrumb\",\"itemListElement\":[{\"@type\":\"ListItem\",\"position\":1,\"name\":\"Accueil\",\"item\":\"https:\\\/\\\/www.ganex.com\\\/fr\\\/\"},{\"@type\":\"ListItem\",\"position\":2,\"name\":\"Politique de confidentialit\u00e9\"}]},{\"@type\":\"WebSite\",\"@id\":\"https:\\\/\\\/ganex.tempurl.host\\\/#website\",\"url\":\"https:\\\/\\\/ganex.tempurl.host\\\/\",\"name\":\"Ganex\",\"description\":\"We design, build and support solutions to respond to your ICT &amp; OT needs\",\"publisher\":{\"@id\":\"https:\\\/\\\/ganex.tempurl.host\\\/#organization\"},\"potentialAction\":[{\"@type\":\"SearchAction\",\"target\":{\"@type\":\"EntryPoint\",\"urlTemplate\":\"https:\\\/\\\/ganex.tempurl.host\\\/?s={search_term_string}\"},\"query-input\":{\"@type\":\"PropertyValueSpecification\",\"valueRequired\":true,\"valueName\":\"search_term_string\"}}],\"inLanguage\":\"fr-FR\"},{\"@type\":\"Organization\",\"@id\":\"https:\\\/\\\/ganex.tempurl.host\\\/#organization\",\"name\":\"Ganex\",\"url\":\"https:\\\/\\\/ganex.tempurl.host\\\/\",\"logo\":{\"@type\":\"ImageObject\",\"inLanguage\":\"fr-FR\",\"@id\":\"https:\\\/\\\/ganex.tempurl.host\\\/#\\\/schema\\\/logo\\\/image\\\/\",\"url\":\"https:\\\/\\\/www.ganex.com\\\/wp-content\\\/uploads\\\/2021\\\/01\\\/new-logo.svg\",\"contentUrl\":\"https:\\\/\\\/www.ganex.com\\\/wp-content\\\/uploads\\\/2021\\\/01\\\/new-logo.svg\",\"width\":182,\"height\":55,\"caption\":\"Ganex\"},\"image\":{\"@id\":\"https:\\\/\\\/ganex.tempurl.host\\\/#\\\/schema\\\/logo\\\/image\\\/\"},\"sameAs\":[\"https:\\\/\\\/www.facebook.com\\\/ganexsolutions\\\/\",\"https:\\\/\\\/www.linkedin.com\\\/company\\\/71720981\\\/admin\\\/\",\"https:\\\/\\\/www.youtube.com\\\/channel\\\/UCPxKMBhUmw5PilW1DZ3PqSw\"]}]}<\/script>\n<!-- \/ Yoast SEO plugin. -->","yoast_head_json":{"title":"Politique de confidentialit\u00e9 - Ganex","robots":{"index":"noindex","follow":"nofollow"},"og_locale":"fr_FR","og_type":"article","og_title":"Politique de confidentialit\u00e9 - Ganex","og_description":"Politique de confidentialit\u00e9 Ganex a cr\u00e9\u00e9 cette politique de confidentialit\u00e9 afin de d\u00e9montrer notre engagement envers votre droit \u00e0 la confidentialit\u00e9. La politique suivante d\u00e9crit nos pratiques concernant la collecte de vos renseignements personnels ainsi que leur utilisation dans le cadre de ce site Web. \u00a0 Collecte de renseignements personnels Nous collectons les renseignements suivants [&hellip;]","og_url":"https:\/\/www.ganex.com\/fr\/confidentialite\/","og_site_name":"Ganex","article_publisher":"https:\/\/www.facebook.com\/ganexsolutions\/","article_modified_time":"2023-12-21T17:34:19+00:00","og_image":[{"url":"https:\/\/www.ganex.com\/wp-content\/uploads\/2021\/03\/we-want-to-hear-new-1.jpg","width":1024,"height":683,"type":"image\/jpeg"}],"twitter_card":"summary_large_image","twitter_misc":{"Dur\u00e9e de lecture estim\u00e9e":"6 minutes"},"schema":{"@context":"https:\/\/schema.org","@graph":[{"@type":"WebPage","@id":"https:\/\/www.ganex.com\/fr\/confidentialite\/","url":"https:\/\/www.ganex.com\/fr\/confidentialite\/","name":"Politique de confidentialit\u00e9 - Ganex","isPartOf":{"@id":"https:\/\/ganex.tempurl.host\/#website"},"datePublished":"2023-12-21T17:28:19+00:00","dateModified":"2023-12-21T17:34:19+00:00","breadcrumb":{"@id":"https:\/\/www.ganex.com\/fr\/confidentialite\/#breadcrumb"},"inLanguage":"fr-FR","potentialAction":[{"@type":"ReadAction","target":["https:\/\/www.ganex.com\/fr\/confidentialite\/"]}]},{"@type":"BreadcrumbList","@id":"https:\/\/www.ganex.com\/fr\/confidentialite\/#breadcrumb","itemListElement":[{"@type":"ListItem","position":1,"name":"Accueil","item":"https:\/\/www.ganex.com\/fr\/"},{"@type":"ListItem","position":2,"name":"Politique de confidentialit\u00e9"}]},{"@type":"WebSite","@id":"https:\/\/ganex.tempurl.host\/#website","url":"https:\/\/ganex.tempurl.host\/","name":"Ganex","description":"We design, build and support solutions to respond to your ICT &amp; OT needs","publisher":{"@id":"https:\/\/ganex.tempurl.host\/#organization"},"potentialAction":[{"@type":"SearchAction","target":{"@type":"EntryPoint","urlTemplate":"https:\/\/ganex.tempurl.host\/?s={search_term_string}"},"query-input":{"@type":"PropertyValueSpecification","valueRequired":true,"valueName":"search_term_string"}}],"inLanguage":"fr-FR"},{"@type":"Organization","@id":"https:\/\/ganex.tempurl.host\/#organization","name":"Ganex","url":"https:\/\/ganex.tempurl.host\/","logo":{"@type":"ImageObject","inLanguage":"fr-FR","@id":"https:\/\/ganex.tempurl.host\/#\/schema\/logo\/image\/","url":"https:\/\/www.ganex.com\/wp-content\/uploads\/2021\/01\/new-logo.svg","contentUrl":"https:\/\/www.ganex.com\/wp-content\/uploads\/2021\/01\/new-logo.svg","width":182,"height":55,"caption":"Ganex"},"image":{"@id":"https:\/\/ganex.tempurl.host\/#\/schema\/logo\/image\/"},"sameAs":["https:\/\/www.facebook.com\/ganexsolutions\/","https:\/\/www.linkedin.com\/company\/71720981\/admin\/","https:\/\/www.youtube.com\/channel\/UCPxKMBhUmw5PilW1DZ3PqSw"]}]}},"_links":{"self":[{"href":"https:\/\/www.ganex.com\/fr\/wp-json\/wp\/v2\/pages\/11660","targetHints":{"allow":["GET"]}}],"collection":[{"href":"https:\/\/www.ganex.com\/fr\/wp-json\/wp\/v2\/pages"}],"about":[{"href":"https:\/\/www.ganex.com\/fr\/wp-json\/wp\/v2\/types\/page"}],"author":[{"embeddable":true,"href":"https:\/\/www.ganex.com\/fr\/wp-json\/wp\/v2\/users\/2"}],"replies":[{"embeddable":true,"href":"https:\/\/www.ganex.com\/fr\/wp-json\/wp\/v2\/comments?post=11660"}],"version-history":[{"count":0,"href":"https:\/\/www.ganex.com\/fr\/wp-json\/wp\/v2\/pages\/11660\/revisions"}],"wp:attachment":[{"href":"https:\/\/www.ganex.com\/fr\/wp-json\/wp\/v2\/media?parent=11660"}],"curies":[{"name":"wp","href":"https:\/\/api.w.org\/{rel}","templated":true}]}}